{"id":937,"date":"2022-05-24T22:16:15","date_gmt":"2022-05-24T20:16:15","guid":{"rendered":"https:\/\/www.deinlieblingsteil.at\/Shop\/?page_id=937"},"modified":"2022-05-24T22:22:44","modified_gmt":"2022-05-24T20:22:44","slug":"warum-lieblingsteil","status":"publish","type":"page","link":"http:\/\/www.deinlieblingsteil.at\/Shop\/warum-lieblingsteil\/","title":{"rendered":"Warum Lieblingsteil?"},"content":{"rendered":"\n<p><em><strong>Das Sortiment an Reitsport Zubeh\u00f6r ist mittlerweile so un\u00fcbersichtlich wie die Nadel im Heuhaufen zu finden. Oftmals scheitert ein auf den ersten Blick absolut ausgekl\u00fcgeltes Produkt dann doch im Alltag.<br>Ich und mein Inner Circle testen st\u00e4tig die Produktneuheiten des Marktes und teilen diese Erfahrungen. Wir finden stetig neue optimierte Produkte die es nach unseren harten Alltagstests auch verdient haben als Lieblingsteil gef\u00fchrt zu werden.<\/strong><\/em> <\/p>\n\n\n\n<figure class=\"wp-block-image size-large\"><img loading=\"lazy\" decoding=\"async\" width=\"1024\" height=\"512\" src=\"https:\/\/www.deinlieblingsteil.at\/Shop\/wp-content\/uploads\/2022\/05\/Weiss-Elegant-und-Modern-Restaurant-Banner1-1024x512.jpg\" alt=\"\" class=\"wp-image-938\" srcset=\"http:\/\/www.deinlieblingsteil.at\/Shop\/wp-content\/uploads\/2022\/05\/Weiss-Elegant-und-Modern-Restaurant-Banner1-1024x512.jpg 1024w, http:\/\/www.deinlieblingsteil.at\/Shop\/wp-content\/uploads\/2022\/05\/Weiss-Elegant-und-Modern-Restaurant-Banner1-300x150.jpg 300w, http:\/\/www.deinlieblingsteil.at\/Shop\/wp-content\/uploads\/2022\/05\/Weiss-Elegant-und-Modern-Restaurant-Banner1-768x384.jpg 768w, http:\/\/www.deinlieblingsteil.at\/Shop\/wp-content\/uploads\/2022\/05\/Weiss-Elegant-und-Modern-Restaurant-Banner1-1536x768.jpg 1536w, http:\/\/www.deinlieblingsteil.at\/Shop\/wp-content\/uploads\/2022\/05\/Weiss-Elegant-und-Modern-Restaurant-Banner1-2048x1024.jpg 2048w, http:\/\/www.deinlieblingsteil.at\/Shop\/wp-content\/uploads\/2022\/05\/Weiss-Elegant-und-Modern-Restaurant-Banner1-1080x540.jpg 1080w, http:\/\/www.deinlieblingsteil.at\/Shop\/wp-content\/uploads\/2022\/05\/Weiss-Elegant-und-Modern-Restaurant-Banner1-1140x570.jpg 1140w, http:\/\/www.deinlieblingsteil.at\/Shop\/wp-content\/uploads\/2022\/05\/Weiss-Elegant-und-Modern-Restaurant-Banner1-600x300.jpg 600w, http:\/\/www.deinlieblingsteil.at\/Shop\/wp-content\/uploads\/2022\/05\/Weiss-Elegant-und-Modern-Restaurant-Banner1-120x60.jpg 120w, http:\/\/www.deinlieblingsteil.at\/Shop\/wp-content\/uploads\/2022\/05\/Weiss-Elegant-und-Modern-Restaurant-Banner1-180x90.jpg 180w\" sizes=\"auto, (max-width: 1024px) 100vw, 1024px\" \/><\/figure>\n\n\n\n<div class=\"wp-block-jetpack-tiled-gallery aligncenter is-style-rectangular\"><div class=\"tiled-gallery__gallery\"><div class=\"tiled-gallery__row\"><div class=\"tiled-gallery__col\" style=\"flex-basis:66.77402%\"><figure class=\"tiled-gallery__item\"><img decoding=\"async\" srcset=\"https:\/\/i1.wp.com\/www.deinlieblingsteil.at\/Shop\/wp-content\/uploads\/2022\/03\/11.png?strip=info&#038;w=600 600w,https:\/\/i1.wp.com\/www.deinlieblingsteil.at\/Shop\/wp-content\/uploads\/2022\/03\/11.png?strip=info&#038;w=900 900w,https:\/\/i1.wp.com\/www.deinlieblingsteil.at\/Shop\/wp-content\/uploads\/2022\/03\/11.png?strip=info&#038;w=1024 1024w\" alt=\"\" data-height=\"768\" data-id=\"876\" data-link=\"https:\/\/www.deinlieblingsteil.at\/Shop\/?attachment_id=876\" data-url=\"http:\/\/www.deinlieblingsteil.at\/Shop\/wp-content\/uploads\/2022\/03\/11.png\" data-width=\"1024\" src=\"https:\/\/i1.wp.com\/www.deinlieblingsteil.at\/Shop\/wp-content\/uploads\/2022\/03\/11.png\" data-amp-layout=\"responsive\"\/><\/figure><\/div><div class=\"tiled-gallery__col\" style=\"flex-basis:33.22598%\"><figure class=\"tiled-gallery__item\"><img decoding=\"async\" srcset=\"https:\/\/i1.wp.com\/www.deinlieblingsteil.at\/Shop\/wp-content\/uploads\/2022\/03\/10.png?strip=info&#038;w=600 600w,https:\/\/i1.wp.com\/www.deinlieblingsteil.at\/Shop\/wp-content\/uploads\/2022\/03\/10.png?strip=info&#038;w=900 900w,https:\/\/i1.wp.com\/www.deinlieblingsteil.at\/Shop\/wp-content\/uploads\/2022\/03\/10.png?strip=info&#038;w=1024 1024w\" alt=\"\" data-height=\"768\" data-id=\"875\" data-link=\"https:\/\/www.deinlieblingsteil.at\/Shop\/?attachment_id=875\" data-url=\"http:\/\/www.deinlieblingsteil.at\/Shop\/wp-content\/uploads\/2022\/03\/10.png\" data-width=\"1024\" src=\"https:\/\/i1.wp.com\/www.deinlieblingsteil.at\/Shop\/wp-content\/uploads\/2022\/03\/10.png\" data-amp-layout=\"responsive\"\/><\/figure><figure class=\"tiled-gallery__item\"><img decoding=\"async\" srcset=\"https:\/\/i0.wp.com\/www.deinlieblingsteil.at\/Shop\/wp-content\/uploads\/2022\/03\/8.png?strip=info&#038;w=600 600w,https:\/\/i0.wp.com\/www.deinlieblingsteil.at\/Shop\/wp-content\/uploads\/2022\/03\/8.png?strip=info&#038;w=900 900w,https:\/\/i0.wp.com\/www.deinlieblingsteil.at\/Shop\/wp-content\/uploads\/2022\/03\/8.png?strip=info&#038;w=1024 1024w\" alt=\"\" data-height=\"768\" data-id=\"879\" data-link=\"https:\/\/www.deinlieblingsteil.at\/Shop\/?attachment_id=879\" data-url=\"http:\/\/www.deinlieblingsteil.at\/Shop\/wp-content\/uploads\/2022\/03\/8.png\" data-width=\"1024\" src=\"https:\/\/i0.wp.com\/www.deinlieblingsteil.at\/Shop\/wp-content\/uploads\/2022\/03\/8.png\" data-amp-layout=\"responsive\"\/><\/figure><\/div><\/div><div class=\"tiled-gallery__row\"><div class=\"tiled-gallery__col\" style=\"flex-basis:25.00000%\"><figure class=\"tiled-gallery__item\"><img decoding=\"async\" srcset=\"https:\/\/i2.wp.com\/www.deinlieblingsteil.at\/Shop\/wp-content\/uploads\/2022\/03\/9.png?strip=info&#038;w=600 600w,https:\/\/i2.wp.com\/www.deinlieblingsteil.at\/Shop\/wp-content\/uploads\/2022\/03\/9.png?strip=info&#038;w=900 900w,https:\/\/i2.wp.com\/www.deinlieblingsteil.at\/Shop\/wp-content\/uploads\/2022\/03\/9.png?strip=info&#038;w=1024 1024w\" alt=\"\" data-height=\"768\" data-id=\"874\" data-link=\"https:\/\/www.deinlieblingsteil.at\/Shop\/?attachment_id=874\" data-url=\"http:\/\/www.deinlieblingsteil.at\/Shop\/wp-content\/uploads\/2022\/03\/9.png\" data-width=\"1024\" src=\"https:\/\/i2.wp.com\/www.deinlieblingsteil.at\/Shop\/wp-content\/uploads\/2022\/03\/9.png\" data-amp-layout=\"responsive\"\/><\/figure><\/div><div class=\"tiled-gallery__col\" style=\"flex-basis:25.00000%\"><figure class=\"tiled-gallery__item\"><img decoding=\"async\" srcset=\"https:\/\/i2.wp.com\/www.deinlieblingsteil.at\/Shop\/wp-content\/uploads\/2022\/03\/6.png?strip=info&#038;w=600 600w,https:\/\/i2.wp.com\/www.deinlieblingsteil.at\/Shop\/wp-content\/uploads\/2022\/03\/6.png?strip=info&#038;w=900 900w,https:\/\/i2.wp.com\/www.deinlieblingsteil.at\/Shop\/wp-content\/uploads\/2022\/03\/6.png?strip=info&#038;w=1024 1024w\" alt=\"\" data-height=\"768\" data-id=\"871\" data-link=\"https:\/\/www.deinlieblingsteil.at\/Shop\/?attachment_id=871\" data-url=\"http:\/\/www.deinlieblingsteil.at\/Shop\/wp-content\/uploads\/2022\/03\/6.png\" data-width=\"1024\" src=\"https:\/\/i2.wp.com\/www.deinlieblingsteil.at\/Shop\/wp-content\/uploads\/2022\/03\/6.png\" data-amp-layout=\"responsive\"\/><\/figure><\/div><div class=\"tiled-gallery__col\" style=\"flex-basis:25.00000%\"><figure class=\"tiled-gallery__item\"><img decoding=\"async\" srcset=\"https:\/\/i1.wp.com\/www.deinlieblingsteil.at\/Shop\/wp-content\/uploads\/2022\/03\/12.png?strip=info&#038;w=600 600w,https:\/\/i1.wp.com\/www.deinlieblingsteil.at\/Shop\/wp-content\/uploads\/2022\/03\/12.png?strip=info&#038;w=900 900w,https:\/\/i1.wp.com\/www.deinlieblingsteil.at\/Shop\/wp-content\/uploads\/2022\/03\/12.png?strip=info&#038;w=1024 1024w\" alt=\"\" data-height=\"768\" data-id=\"872\" data-link=\"https:\/\/www.deinlieblingsteil.at\/Shop\/?attachment_id=872\" data-url=\"http:\/\/www.deinlieblingsteil.at\/Shop\/wp-content\/uploads\/2022\/03\/12.png\" data-width=\"1024\" src=\"https:\/\/i1.wp.com\/www.deinlieblingsteil.at\/Shop\/wp-content\/uploads\/2022\/03\/12.png\" data-amp-layout=\"responsive\"\/><\/figure><\/div><div class=\"tiled-gallery__col\" style=\"flex-basis:25.00000%\"><figure class=\"tiled-gallery__item\"><img decoding=\"async\" srcset=\"https:\/\/i0.wp.com\/www.deinlieblingsteil.at\/Shop\/wp-content\/uploads\/2022\/03\/5.png?strip=info&#038;w=600 600w,https:\/\/i0.wp.com\/www.deinlieblingsteil.at\/Shop\/wp-content\/uploads\/2022\/03\/5.png?strip=info&#038;w=900 900w,https:\/\/i0.wp.com\/www.deinlieblingsteil.at\/Shop\/wp-content\/uploads\/2022\/03\/5.png?strip=info&#038;w=1024 1024w\" alt=\"\" data-height=\"768\" data-id=\"870\" data-link=\"https:\/\/www.deinlieblingsteil.at\/Shop\/?attachment_id=870\" data-url=\"http:\/\/www.deinlieblingsteil.at\/Shop\/wp-content\/uploads\/2022\/03\/5.png\" data-width=\"1024\" src=\"https:\/\/i0.wp.com\/www.deinlieblingsteil.at\/Shop\/wp-content\/uploads\/2022\/03\/5.png\" data-amp-layout=\"responsive\"\/><\/figure><\/div><\/div><\/div><\/div>\n\n\n\n<p class=\"has-text-align-center\"><a href=\"https:\/\/www.deinlieblingsteil.at\/Shop\/\" data-type=\"URL\" data-id=\"https:\/\/www.deinlieblingsteil.at\/Shop\/\"><strong>-Zum Shop-<\/strong><\/a><\/p>\n\n\n\n<p><\/p>\n\n\n","protected":false},"excerpt":{"rendered":"<p>Das Sortiment an Reitsport Zubeh\u00f6r ist mittlerweile so un\u00fcbersichtlich wie die Nadel im Heuhaufen zu finden. Oftmals scheitert ein auf den ersten Blick absolut ausgekl\u00fcgeltes Produkt dann doch im Alltag.Ich und mein Inner Circle testen st\u00e4tig die Produktneuheiten des Marktes und teilen diese Erfahrungen. Wir finden stetig neue optimierte Produkte die es nach unseren harten Alltagstests auch verdient haben als Lieblingsteil gef\u00fchrt zu werden. -Zum Shop-<\/p>\n","protected":false},"author":1,"featured_media":0,"parent":0,"menu_order":0,"comment_status":"closed","ping_status":"closed","template":"","meta":{"footnotes":""},"class_list":["post-937","page","type-page","status-publish","hentry"],"jetpack_sharing_enabled":true,"_links":{"self":[{"href":"http:\/\/www.deinlieblingsteil.at\/Shop\/wp-json\/wp\/v2\/pages\/937","targetHints":{"allow":["GET"]}}],"collection":[{"href":"http:\/\/www.deinlieblingsteil.at\/Shop\/wp-json\/wp\/v2\/pages"}],"about":[{"href":"http:\/\/www.deinlieblingsteil.at\/Shop\/wp-json\/wp\/v2\/types\/page"}],"author":[{"embeddable":true,"href":"http:\/\/www.deinlieblingsteil.at\/Shop\/wp-json\/wp\/v2\/users\/1"}],"replies":[{"embeddable":true,"href":"http:\/\/www.deinlieblingsteil.at\/Shop\/wp-json\/wp\/v2\/comments?post=937"}],"version-history":[{"count":3,"href":"http:\/\/www.deinlieblingsteil.at\/Shop\/wp-json\/wp\/v2\/pages\/937\/revisions"}],"predecessor-version":[{"id":943,"href":"http:\/\/www.deinlieblingsteil.at\/Shop\/wp-json\/wp\/v2\/pages\/937\/revisions\/943"}],"wp:attachment":[{"href":"http:\/\/www.deinlieblingsteil.at\/Shop\/wp-json\/wp\/v2\/media?parent=937"}],"curies":[{"name":"wp","href":"https:\/\/api.w.org\/{rel}","templated":true}]}}