{"id":370,"date":"2020-11-17T12:30:46","date_gmt":"2020-11-17T11:30:46","guid":{"rendered":"http:\/\/www.deinlieblingsteil.at\/Shop\/?post_type=product&#038;p=370"},"modified":"2021-11-23T12:31:12","modified_gmt":"2021-11-23T11:31:12","slug":"markerl-individuell-front","status":"publish","type":"product","link":"http:\/\/www.deinlieblingsteil.at\/Shop\/produkt\/markerl-individuell-front\/","title":{"rendered":"Markerl Individuell Front"},"content":{"rendered":"<p>Dieses Markerl kannst du voll und ganz nach deinen W\u00fcnschen auf der Vorderseite designen &lt;3<\/p>\n<p>Hier Kannst du die Vorder gestalten! Auf der R\u00fcckseite findest du unser Logo.<br \/>\nW\u00e4hle dein Design \u00fcber unser Formular oder erstelle dein eigenes und schicke es via Mail, und bezahle es direkt hier \u00fcber den Shop.<br \/>\nDas eigene Design kannst du uns als &#8211; Jgp auf wei\u00dfem Hintergrund und schwarzem Print zukommen lassen!!!!- Direkt an info@theresastern.at<\/p>\n<div class=\"wpforms-container wpforms-container-full\" id=\"wpforms-315\"><form id=\"wpforms-form-315\" class=\"wpforms-validate wpforms-form\" data-formid=\"315\" method=\"post\" enctype=\"multipart\/form-data\" action=\"\/Shop\/wp-json\/wp\/v2\/product\/370\" data-token=\"b18825f884011c3b475062714eb70b7a\" data-token-time=\"1775408115\"><div class=\"wpforms-head-container\"><div class=\"wpforms-title\">Dein Individuelles Markerl Vorderseite<\/div><div class=\"wpforms-description\">Buche und Bezahle deine Marke im Shop und schick uns anschlie\u00dfend dein Design als Jpg oder Vector (in schwarz) via Formular oder direkt an - info@theresastern.at\r\n\r\nBei diesem Artikel ist die Vorderseite der Marke individuell! Auf der R\u00fcckseite findest du unser Logo.<\/div><\/div><noscript class=\"wpforms-error-noscript\">Bitte aktiviere JavaScript in deinem Browser, um dieses Formular fertigzustellen.<\/noscript><div class=\"wpforms-field-container\"><div id=\"wpforms-315-field_0-container\" class=\"wpforms-field wpforms-field-name wpforms-one-third wpforms-first\" data-field-id=\"0\"><label class=\"wpforms-field-label\">Name <span class=\"wpforms-required-label\">*<\/span><\/label><div class=\"wpforms-field-row wpforms-field-medium\"><div class=\"wpforms-field-row-block wpforms-first wpforms-one-half\"><input type=\"text\" id=\"wpforms-315-field_0\" class=\"wpforms-field-name-first wpforms-field-required\" name=\"wpforms[fields][0][first]\" required><label for=\"wpforms-315-field_0\" class=\"wpforms-field-sublabel after\">Vorname<\/label><\/div><div class=\"wpforms-field-row-block wpforms-one-half\"><input type=\"text\" id=\"wpforms-315-field_0-last\" class=\"wpforms-field-name-last wpforms-field-required\" name=\"wpforms[fields][0][last]\" required><label for=\"wpforms-315-field_0-last\" class=\"wpforms-field-sublabel after\">Nachname<\/label><\/div><\/div><\/div><div id=\"wpforms-315-field_1-container\" class=\"wpforms-field wpforms-field-email\" data-field-id=\"1\"><label class=\"wpforms-field-label\" for=\"wpforms-315-field_1\">E-Mail <span class=\"wpforms-required-label\">*<\/span><\/label><input type=\"email\" id=\"wpforms-315-field_1\" class=\"wpforms-field-medium wpforms-field-required\" name=\"wpforms[fields][1]\" spellcheck=\"false\" required><div class=\"wpforms-field-description\">Bitte gib deine E-Mail ein, sodass wir in Kontakt bleiben k\u00f6nnen.<\/div><\/div><div id=\"wpforms-315-field_11-container\" class=\"wpforms-field wpforms-field-select wpforms-field-select-style-classic\" data-field-id=\"11\"><label class=\"wpforms-field-label\" for=\"wpforms-315-field_11\">Lieblingsform <span class=\"wpforms-required-label\">*<\/span><\/label><select id=\"wpforms-315-field_11\" class=\"wpforms-field-medium wpforms-field-required\" name=\"wpforms[fields][11]\" required=\"required\"><option value=\"mittleres Herz (Standart ca 32mm)\" >mittleres Herz (Standart ca 32mm)<\/option><option value=\"gro\u00dfes Herz (ca 38mm)\" >gro\u00dfes Herz (ca 38mm)<\/option><option value=\"kleines Herz (ca 25mm)\" >kleines Herz (ca 25mm)<\/option><option value=\"Stern\" >Stern<\/option><option value=\"mittlere Ronde\" >mittlere Ronde<\/option><option value=\"gro\u00dfe Ronde\" >gro\u00dfe Ronde<\/option><\/select><div class=\"wpforms-field-description\">W\u00e4hle deine LieblingsForm<\/div><\/div><div id=\"wpforms-315-field_12-container\" class=\"wpforms-field wpforms-field-select wpforms-field-select-style-classic\" data-field-id=\"12\"><label class=\"wpforms-field-label\" for=\"wpforms-315-field_12\">Lieblingsfarbe <span class=\"wpforms-required-label\">*<\/span><\/label><select id=\"wpforms-315-field_12\" class=\"wpforms-field-medium wpforms-field-required\" name=\"wpforms[fields][12]\" required=\"required\"><option value=\"rose\" >rose<\/option><option value=\"pink\" >pink<\/option><option value=\"violett\" >violett<\/option><option value=\"rot\" >rot<\/option><option value=\"t\u00fcrkis\" >t\u00fcrkis<\/option><option value=\"marine blau\" >marine blau<\/option><option value=\"gr\u00fcn\" >gr\u00fcn<\/option><option value=\"schwarz\" >schwarz<\/option><option value=\"silber\" >silber<\/option><option value=\"gold\" >gold<\/option><\/select><div class=\"wpforms-field-description\">Achtung! Die Schrift ist auf Silber ist Silber!!!! Aber man kanns lesen <3<\/div><\/div><div id=\"wpforms-315-field_4-container\" class=\"wpforms-field wpforms-field-textarea\" data-field-id=\"4\"><label class=\"wpforms-field-label\" for=\"wpforms-315-field_4\">Deine Wunschgravur Vorne <span class=\"wpforms-required-label\">*<\/span><\/label><textarea id=\"wpforms-315-field_4\" class=\"wpforms-field-medium wpforms-field-required\" name=\"wpforms[fields][4]\" required><\/textarea><div class=\"wpforms-field-description\">Teile uns bitte die Schriftart und den Wunschgravur mit.<\/div><\/div><\/div><!-- .wpforms-field-container --><div class=\"wpforms-submit-container\" ><input type=\"hidden\" name=\"wpforms[id]\" value=\"315\"><input type=\"hidden\" name=\"page_title\" value=\"\"><input type=\"hidden\" name=\"page_url\" value=\"http:\/\/www.deinlieblingsteil.at\/Shop\/wp-json\/wp\/v2\/product\/370\"><input type=\"hidden\" name=\"url_referer\" value=\"\"><button type=\"submit\" name=\"wpforms[submit]\" id=\"wpforms-submit-315\" class=\"wpforms-submit\" aria-live=\"assertive\" value=\"wpforms-submit\">Absenden<\/button><\/div><\/form><\/div>  <!-- .wpforms-container -->\n","protected":false},"excerpt":{"rendered":"<p>Designe dein pers\u00f6nliches Markerl &lt;3<\/p>\n","protected":false},"featured_media":367,"comment_status":"open","ping_status":"closed","template":"","meta":[],"product_brand":[],"product_cat":[16,153,154,101],"product_tag":[],"class_list":{"0":"post-370","1":"product","2":"type-product","3":"status-publish","4":"has-post-thumbnail","6":"product_cat-accessories","7":"product_cat-gravur-individuell","8":"product_cat-markerl-lieblinge","9":"product_cat-theriis-lieblinge","11":"first","12":"instock","13":"taxable","14":"shipping-taxable","15":"purchasable","16":"product-type-simple"},"jetpack_sharing_enabled":true,"_links":{"self":[{"href":"http:\/\/www.deinlieblingsteil.at\/Shop\/wp-json\/wp\/v2\/product\/370","targetHints":{"allow":["GET"]}}],"collection":[{"href":"http:\/\/www.deinlieblingsteil.at\/Shop\/wp-json\/wp\/v2\/product"}],"about":[{"href":"http:\/\/www.deinlieblingsteil.at\/Shop\/wp-json\/wp\/v2\/types\/product"}],"replies":[{"embeddable":true,"href":"http:\/\/www.deinlieblingsteil.at\/Shop\/wp-json\/wp\/v2\/comments?post=370"}],"wp:featuredmedia":[{"embeddable":true,"href":"http:\/\/www.deinlieblingsteil.at\/Shop\/wp-json\/wp\/v2\/media\/367"}],"wp:attachment":[{"href":"http:\/\/www.deinlieblingsteil.at\/Shop\/wp-json\/wp\/v2\/media?parent=370"}],"wp:term":[{"taxonomy":"product_brand","embeddable":true,"href":"http:\/\/www.deinlieblingsteil.at\/Shop\/wp-json\/wp\/v2\/product_brand?post=370"},{"taxonomy":"product_cat","embeddable":true,"href":"http:\/\/www.deinlieblingsteil.at\/Shop\/wp-json\/wp\/v2\/product_cat?post=370"},{"taxonomy":"product_tag","embeddable":true,"href":"http:\/\/www.deinlieblingsteil.at\/Shop\/wp-json\/wp\/v2\/product_tag?post=370"}],"curies":[{"name":"wp","href":"https:\/\/api.w.org\/{rel}","templated":true}]}}