{"id":384,"date":"2020-11-18T19:52:00","date_gmt":"2020-11-18T18:52:00","guid":{"rendered":"http:\/\/www.deinlieblingsteil.at\/Shop\/?post_type=product&#038;p=384"},"modified":"2020-11-29T19:25:06","modified_gmt":"2020-11-29T18:25:06","slug":"super-mama","status":"publish","type":"product","link":"http:\/\/www.deinlieblingsteil.at\/Shop\/produkt\/super-mama\/","title":{"rendered":"Super Mama"},"content":{"rendered":"<p>Bei unseren Standard Markeln ist f\u00fcr jeden etwas dabei!<\/p>\n<p>Auf der R\u00fcckseite findest du unser Logo ebenfalls ist im Lieferumfang eine Schl\u00fcsselring dabei.<\/p>\n<p>Du willst dieses Motiv in einer anderen Alu Farbe? Du kannst die andere Farbe zum Aufpreis von 1 Euro buchen \ud83d\ude42 &#8211; du findest den Aufpreis als eigenen Artikel im Shop \u2764\ufe0f<\/p>\n","protected":false},"excerpt":{"rendered":"<p>Bei unseren Standard Markeln ist f\u00fcr jeden etwas dabei! Auf der R\u00fcckseite findest du unser Logo ebenfalls ist im Lieferumfang eine Schl\u00fcsselring dabei. Du willst dieses Motiv in einer anderen Alu Farbe? Du kannst die andere Farbe zum Aufpreis von 1 Euro buchen \ud83d\ude42 &#8211; du findest den Aufpreis als eigenen Artikel im Shop \u2764\ufe0f<\/p>\n","protected":false},"featured_media":349,"comment_status":"open","ping_status":"closed","template":"","meta":[],"product_brand":[],"product_cat":[16,40,154,101],"product_tag":[148,149,147],"class_list":{"0":"post-384","1":"product","2":"type-product","3":"status-publish","4":"has-post-thumbnail","6":"product_cat-accessories","7":"product_cat-custom-geschenke","8":"product_cat-markerl-lieblinge","9":"product_cat-theriis-lieblinge","10":"product_tag-geschenk","11":"product_tag-gravur","12":"product_tag-markerl","14":"first","15":"instock","16":"sale","17":"taxable","18":"shipping-taxable","19":"purchasable","20":"product-type-simple"},"jetpack_sharing_enabled":true,"_links":{"self":[{"href":"http:\/\/www.deinlieblingsteil.at\/Shop\/wp-json\/wp\/v2\/product\/384","targetHints":{"allow":["GET"]}}],"collection":[{"href":"http:\/\/www.deinlieblingsteil.at\/Shop\/wp-json\/wp\/v2\/product"}],"about":[{"href":"http:\/\/www.deinlieblingsteil.at\/Shop\/wp-json\/wp\/v2\/types\/product"}],"replies":[{"embeddable":true,"href":"http:\/\/www.deinlieblingsteil.at\/Shop\/wp-json\/wp\/v2\/comments?post=384"}],"wp:featuredmedia":[{"embeddable":true,"href":"http:\/\/www.deinlieblingsteil.at\/Shop\/wp-json\/wp\/v2\/media\/349"}],"wp:attachment":[{"href":"http:\/\/www.deinlieblingsteil.at\/Shop\/wp-json\/wp\/v2\/media?parent=384"}],"wp:term":[{"taxonomy":"product_brand","embeddable":true,"href":"http:\/\/www.deinlieblingsteil.at\/Shop\/wp-json\/wp\/v2\/product_brand?post=384"},{"taxonomy":"product_cat","embeddable":true,"href":"http:\/\/www.deinlieblingsteil.at\/Shop\/wp-json\/wp\/v2\/product_cat?post=384"},{"taxonomy":"product_tag","embeddable":true,"href":"http:\/\/www.deinlieblingsteil.at\/Shop\/wp-json\/wp\/v2\/product_tag?post=384"}],"curies":[{"name":"wp","href":"https:\/\/api.w.org\/{rel}","templated":true}]}}