{"id":681,"date":"2021-11-23T15:03:53","date_gmt":"2021-11-23T14:03:53","guid":{"rendered":"http:\/\/www.deinlieblingsteil.at\/Shop\/?post_type=product&#038;p=681"},"modified":"2021-11-23T15:05:38","modified_gmt":"2021-11-23T14:05:38","slug":"acavallo-pad-analyse","status":"publish","type":"product","link":"http:\/\/www.deinlieblingsteil.at\/Shop\/produkt\/acavallo-pad-analyse\/","title":{"rendered":"Acavallo Pad Analyse und Beratung"},"content":{"rendered":"<p>Wir bieten Ihnen eine exclusive online Analyse und Beratung an um das perfekte Acavallo Pad f\u00fcr Ihr Pferd und Sie zu finden.<\/p>\n<p>Durch die vielen Varianten- Schnitte- Materialien und Korrekturm\u00f6glichkeiten helfen wir Ihnen gerne weiter bevor sie blind ein Pad kaufen, dass sie anschlie\u00dfend vielleicht garnicht verwenden k\u00f6nnen. Oder Ihr Problem sogar noch schlimmer machen.<\/p>\n<p>Senden Sie uns nach dem Kauf dieses Artikels gerne Videos und Fotos an info@theresastern.at und wir erstellen eine Auswahl der besten Pads individuell f\u00fcr Sie und Ihr Pferd.<\/p>\n<p>Sie erhalten mit diesem Kauf einen Gutschein in der H\u00f6he von 19 Euro f\u00fcr den anschlie\u00dfenden Padkauf.<\/p>\n","protected":false},"excerpt":{"rendered":"<p>Wir bieten Ihnen eine exclusive online Analyse und Beratung an um das perfekte Acavallo Pad f\u00fcr Ihr Pferd und Sie zu finden. Durch die vielen Varianten- Schnitte- Materialien und Korrekturm\u00f6glichkeiten helfen wir Ihnen gerne weiter bevor sie blind ein Pad kaufen, dass sie anschlie\u00dfend vielleicht garnicht verwenden k\u00f6nnen. Oder Ihr Problem sogar noch schlimmer machen. Senden Sie uns nach dem Kauf dieses Artikels gerne Videos und Fotos an info@theresastern.at und wir erstellen eine Auswahl der besten Pads individuell f\u00fcr Sie und Ihr Pferd. Sie erhalten mit diesem Kauf einen Gutschein in der H\u00f6he von 19 Euro f\u00fcr den anschlie\u00dfenden Padkauf.<\/p>\n","protected":false},"featured_media":88,"comment_status":"open","ping_status":"closed","template":"","meta":[],"product_brand":[],"product_cat":[120,200,36,45,101],"product_tag":[],"class_list":{"0":"post-681","1":"product","2":"type-product","3":"status-publish","4":"has-post-thumbnail","6":"product_cat-acavallo-lieblinge","7":"product_cat-beratungen-und-onlinehilfe","8":"product_cat-pferd","9":"product_cat-sattelunterlagen","10":"product_cat-theriis-lieblinge","12":"first","13":"instock","14":"taxable","15":"shipping-taxable","16":"purchasable","17":"product-type-simple"},"jetpack_sharing_enabled":true,"_links":{"self":[{"href":"http:\/\/www.deinlieblingsteil.at\/Shop\/wp-json\/wp\/v2\/product\/681","targetHints":{"allow":["GET"]}}],"collection":[{"href":"http:\/\/www.deinlieblingsteil.at\/Shop\/wp-json\/wp\/v2\/product"}],"about":[{"href":"http:\/\/www.deinlieblingsteil.at\/Shop\/wp-json\/wp\/v2\/types\/product"}],"replies":[{"embeddable":true,"href":"http:\/\/www.deinlieblingsteil.at\/Shop\/wp-json\/wp\/v2\/comments?post=681"}],"wp:featuredmedia":[{"embeddable":true,"href":"http:\/\/www.deinlieblingsteil.at\/Shop\/wp-json\/wp\/v2\/media\/88"}],"wp:attachment":[{"href":"http:\/\/www.deinlieblingsteil.at\/Shop\/wp-json\/wp\/v2\/media?parent=681"}],"wp:term":[{"taxonomy":"product_brand","embeddable":true,"href":"http:\/\/www.deinlieblingsteil.at\/Shop\/wp-json\/wp\/v2\/product_brand?post=681"},{"taxonomy":"product_cat","embeddable":true,"href":"http:\/\/www.deinlieblingsteil.at\/Shop\/wp-json\/wp\/v2\/product_cat?post=681"},{"taxonomy":"product_tag","embeddable":true,"href":"http:\/\/www.deinlieblingsteil.at\/Shop\/wp-json\/wp\/v2\/product_tag?post=681"}],"curies":[{"name":"wp","href":"https:\/\/api.w.org\/{rel}","templated":true}]}}