{"id":698,"date":"2021-11-26T11:52:41","date_gmt":"2021-11-26T10:52:41","guid":{"rendered":"http:\/\/www.deinlieblingsteil.at\/Shop\/?post_type=product&#038;p=698"},"modified":"2021-11-26T16:37:19","modified_gmt":"2021-11-26T15:37:19","slug":"herzenspony","status":"publish","type":"product","link":"http:\/\/www.deinlieblingsteil.at\/Shop\/produkt\/herzenspony\/","title":{"rendered":"Herzenspony"},"content":{"rendered":"<p style=\"text-align: left;\">Mit diesem Design spendest du exclusiv an den Lichtblickhof<\/p>\n<p>Auf der R\u00fcckseite findest du das Logo des Lichtblickhof als Erinnerung f\u00fcr dein gro\u00dfes Herz.<br \/>\nEbenfalls ist im Lieferumfang eine Schl\u00fcsselring dabei.<\/p>\n<p>Durch die Gravur wird die Eloxierung abgenommen und somit ist die Gravur immer Alu Silber \u2764\ufe0f\ud83e\udde1\ud83d\udc99\ud83d\udc9c\ud83d\udc9a<\/p>\n<p>Du willst dieses Motiv in einer anderen Alu Farbe? Du kannst die andere Farbe zum Aufpreis von 1 Euro buchen \ud83d\ude42 &#8211; du findest den Aufpreis als eigenen Artikel im Shop \u2764\ufe0f<\/p>\n<p>Du willst einfach so an den Lickblickhof spenden? Das kannst du direkt auf www.lichtblickhof.at tun!<\/p>\n<p>Mit dem Gutscheincode: JZJN59HF geht der Versand auf mich \ud83d\ude09<\/p>\n<p>Viel Spa\u00df beim Shoppen!<\/p>\n","protected":false},"excerpt":{"rendered":"<p>Mit diesem Design spendest du exclusiv an den Lichtblickhof Auf der R\u00fcckseite findest du das Logo des Lichtblickhof als Erinnerung f\u00fcr dein gro\u00dfes Herz. Ebenfalls ist im Lieferumfang eine Schl\u00fcsselring dabei. Durch die Gravur wird die Eloxierung abgenommen und somit ist die Gravur immer Alu Silber \u2764\ufe0f\ud83e\udde1\ud83d\udc99\ud83d\udc9c\ud83d\udc9a Du willst dieses Motiv in einer anderen Alu Farbe? Du kannst die andere Farbe zum Aufpreis von 1 Euro buchen \ud83d\ude42 &#8211; du findest den Aufpreis als eigenen Artikel im Shop \u2764\ufe0f Du willst einfach so an den Lickblickhof spenden? Das kannst du direkt auf www.lichtblickhof.at tun! Mit dem Gutscheincode: JZJN59HF geht der Versand auf mich \ud83d\ude09 Viel Spa\u00df beim Shoppen!<\/p>\n","protected":false},"featured_media":693,"comment_status":"open","ping_status":"closed","template":"","meta":[],"product_brand":[],"product_cat":[40,201,154,101],"product_tag":[148,149,147],"class_list":{"0":"post-698","1":"product","2":"type-product","3":"status-publish","4":"has-post-thumbnail","6":"product_cat-custom-geschenke","7":"product_cat-lichtblick-lieblinge","8":"product_cat-markerl-lieblinge","9":"product_cat-theriis-lieblinge","10":"product_tag-geschenk","11":"product_tag-gravur","12":"product_tag-markerl","14":"first","15":"instock","16":"taxable","17":"shipping-taxable","18":"purchasable","19":"product-type-simple"},"jetpack_sharing_enabled":true,"_links":{"self":[{"href":"http:\/\/www.deinlieblingsteil.at\/Shop\/wp-json\/wp\/v2\/product\/698","targetHints":{"allow":["GET"]}}],"collection":[{"href":"http:\/\/www.deinlieblingsteil.at\/Shop\/wp-json\/wp\/v2\/product"}],"about":[{"href":"http:\/\/www.deinlieblingsteil.at\/Shop\/wp-json\/wp\/v2\/types\/product"}],"replies":[{"embeddable":true,"href":"http:\/\/www.deinlieblingsteil.at\/Shop\/wp-json\/wp\/v2\/comments?post=698"}],"wp:featuredmedia":[{"embeddable":true,"href":"http:\/\/www.deinlieblingsteil.at\/Shop\/wp-json\/wp\/v2\/media\/693"}],"wp:attachment":[{"href":"http:\/\/www.deinlieblingsteil.at\/Shop\/wp-json\/wp\/v2\/media?parent=698"}],"wp:term":[{"taxonomy":"product_brand","embeddable":true,"href":"http:\/\/www.deinlieblingsteil.at\/Shop\/wp-json\/wp\/v2\/product_brand?post=698"},{"taxonomy":"product_cat","embeddable":true,"href":"http:\/\/www.deinlieblingsteil.at\/Shop\/wp-json\/wp\/v2\/product_cat?post=698"},{"taxonomy":"product_tag","embeddable":true,"href":"http:\/\/www.deinlieblingsteil.at\/Shop\/wp-json\/wp\/v2\/product_tag?post=698"}],"curies":[{"name":"wp","href":"https:\/\/api.w.org\/{rel}","templated":true}]}}