{"id":723,"date":"2021-12-13T12:18:13","date_gmt":"2021-12-13T11:18:13","guid":{"rendered":"http:\/\/www.deinlieblingsteil.at\/Shop\/?post_type=product&#038;p=723"},"modified":"2022-02-10T22:44:30","modified_gmt":"2022-02-10T21:44:30","slug":"gutschein","status":"publish","type":"product","link":"http:\/\/www.deinlieblingsteil.at\/Shop\/produkt\/gutschein\/","title":{"rendered":"Gutschein"},"content":{"rendered":"<p>Schenke mit deinem Gutschein Passform und Wohlbefinden.<\/p>\n<p>Diese Gutscheine k\u00f6nnen bei allen Stellen der Theresa Stern Handelsgruppe eingel\u00f6st werden.<br \/>\n*DieSattlerin.at<br \/>\n*DeinLieblingsteil.at<br \/>\n*DieSattelexperten.net<\/p>\n<p>Gerne stellen wir dir einen sch\u00f6nen Geschenkgutschein zum ausdrucken und selbst ausf\u00fcllen aus melde dich einfach bei uns;)<\/p>\n<p>&nbsp;<\/p>\n<p>Die Gutscheine sind nicht in Bar abl\u00f6sbar und sind bis ein Jahr nach Ausstellung g\u00fcltig!<\/p>\n","protected":false},"excerpt":{"rendered":"<p>Schenke mit deinem Gutschein Passform und Wohlbefinden. Diese Gutscheine k\u00f6nnen bei allen Stellen der Theresa Stern Handelsgruppe eingel\u00f6st werden. *DieSattlerin.at *DeinLieblingsteil.at *DieSattelexperten.net Gerne stellen wir dir einen sch\u00f6nen Geschenkgutschein zum ausdrucken und selbst ausf\u00fcllen aus melde dich einfach bei uns;) &nbsp; Die Gutscheine sind nicht in Bar abl\u00f6sbar und sind bis ein Jahr nach Ausstellung g\u00fcltig!<\/p>\n","protected":false},"featured_media":724,"comment_status":"open","ping_status":"closed","template":"","meta":[],"product_brand":[],"product_cat":[212,44,101],"product_tag":[],"class_list":{"0":"post-723","1":"product","2":"type-product","3":"status-publish","4":"has-post-thumbnail","6":"product_cat-gutscheine","7":"product_cat-reiter-geschenke","8":"product_cat-theriis-lieblinge","10":"first","11":"instock","12":"taxable","13":"shipping-taxable","14":"purchasable","15":"product-type-variable","16":"has-default-attributes"},"jetpack_sharing_enabled":true,"_links":{"self":[{"href":"http:\/\/www.deinlieblingsteil.at\/Shop\/wp-json\/wp\/v2\/product\/723","targetHints":{"allow":["GET"]}}],"collection":[{"href":"http:\/\/www.deinlieblingsteil.at\/Shop\/wp-json\/wp\/v2\/product"}],"about":[{"href":"http:\/\/www.deinlieblingsteil.at\/Shop\/wp-json\/wp\/v2\/types\/product"}],"replies":[{"embeddable":true,"href":"http:\/\/www.deinlieblingsteil.at\/Shop\/wp-json\/wp\/v2\/comments?post=723"}],"wp:featuredmedia":[{"embeddable":true,"href":"http:\/\/www.deinlieblingsteil.at\/Shop\/wp-json\/wp\/v2\/media\/724"}],"wp:attachment":[{"href":"http:\/\/www.deinlieblingsteil.at\/Shop\/wp-json\/wp\/v2\/media?parent=723"}],"wp:term":[{"taxonomy":"product_brand","embeddable":true,"href":"http:\/\/www.deinlieblingsteil.at\/Shop\/wp-json\/wp\/v2\/product_brand?post=723"},{"taxonomy":"product_cat","embeddable":true,"href":"http:\/\/www.deinlieblingsteil.at\/Shop\/wp-json\/wp\/v2\/product_cat?post=723"},{"taxonomy":"product_tag","embeddable":true,"href":"http:\/\/www.deinlieblingsteil.at\/Shop\/wp-json\/wp\/v2\/product_tag?post=723"}],"curies":[{"name":"wp","href":"https:\/\/api.w.org\/{rel}","templated":true}]}}