{"id":743,"date":"2021-12-13T15:27:02","date_gmt":"2021-12-13T14:27:02","guid":{"rendered":"http:\/\/www.deinlieblingsteil.at\/Shop\/?post_type=product&#038;p=743"},"modified":"2021-12-13T15:31:46","modified_gmt":"2021-12-13T14:31:46","slug":"steigbuegel-mit-gravur","status":"publish","type":"product","link":"http:\/\/www.deinlieblingsteil.at\/Shop\/produkt\/steigbuegel-mit-gravur\/","title":{"rendered":"Steigb\u00fcgel mit Gravur"},"content":{"rendered":"<p>Hier kannst du deine pers\u00f6nlichen Steigb\u00fcgel designen, egal ob Logo oder Schriftzug wir gravieren ihn auf deinen neuen Lieblingsb\u00fcgel.<\/p>\n<p>Kauf den Artikel im Shop und teile uns im Zahlungsvorgang deinen Gravur Wunsch mit \ud83d\ude18<\/p>\n","protected":false},"excerpt":{"rendered":"<p>Hier kannst du deine pers\u00f6nlichen Steigb\u00fcgel designen, egal ob Logo oder Schriftzug wir gravieren ihn auf deinen neuen Lieblingsb\u00fcgel. Kauf den Artikel im Shop und teile uns im Zahlungsvorgang deinen Gravur Wunsch mit \ud83d\ude18<\/p>\n","protected":false},"featured_media":745,"comment_status":"open","ping_status":"closed","template":"","meta":[],"product_brand":[],"product_cat":[40,153,107,36,44,39],"product_tag":[164],"class_list":{"0":"post-743","1":"product","2":"type-product","3":"status-publish","4":"has-post-thumbnail","6":"product_cat-custom-geschenke","7":"product_cat-gravur-individuell","8":"product_cat-lieblings-deals","9":"product_cat-pferd","10":"product_cat-reiter-geschenke","11":"product_cat-sattelzubehoer","12":"product_tag-steigbuegel","14":"first","15":"instock","16":"sale","17":"taxable","18":"shipping-taxable","19":"purchasable","20":"product-type-variable","21":"has-default-attributes"},"jetpack_sharing_enabled":true,"_links":{"self":[{"href":"http:\/\/www.deinlieblingsteil.at\/Shop\/wp-json\/wp\/v2\/product\/743","targetHints":{"allow":["GET"]}}],"collection":[{"href":"http:\/\/www.deinlieblingsteil.at\/Shop\/wp-json\/wp\/v2\/product"}],"about":[{"href":"http:\/\/www.deinlieblingsteil.at\/Shop\/wp-json\/wp\/v2\/types\/product"}],"replies":[{"embeddable":true,"href":"http:\/\/www.deinlieblingsteil.at\/Shop\/wp-json\/wp\/v2\/comments?post=743"}],"wp:featuredmedia":[{"embeddable":true,"href":"http:\/\/www.deinlieblingsteil.at\/Shop\/wp-json\/wp\/v2\/media\/745"}],"wp:attachment":[{"href":"http:\/\/www.deinlieblingsteil.at\/Shop\/wp-json\/wp\/v2\/media?parent=743"}],"wp:term":[{"taxonomy":"product_brand","embeddable":true,"href":"http:\/\/www.deinlieblingsteil.at\/Shop\/wp-json\/wp\/v2\/product_brand?post=743"},{"taxonomy":"product_cat","embeddable":true,"href":"http:\/\/www.deinlieblingsteil.at\/Shop\/wp-json\/wp\/v2\/product_cat?post=743"},{"taxonomy":"product_tag","embeddable":true,"href":"http:\/\/www.deinlieblingsteil.at\/Shop\/wp-json\/wp\/v2\/product_tag?post=743"}],"curies":[{"name":"wp","href":"https:\/\/api.w.org\/{rel}","templated":true}]}}